{"id":2247,"date":"2022-09-16T04:50:09","date_gmt":"2022-09-16T04:50:09","guid":{"rendered":"https:\/\/koumassine-petro-oil.com\/?page_id=2247"},"modified":"2025-10-19T14:32:17","modified_gmt":"2025-10-19T14:32:17","slug":"petroleum-and-gas-services","status":"publish","type":"page","link":"https:\/\/koumassine-petro-oil.com\/?page_id=2247","title":{"rendered":"Services"},"content":{"rendered":"\t\t<div data-elementor-type=\"wp-page\" data-elementor-id=\"2247\" class=\"elementor elementor-2247\">\n\t\t\t\t\t\t<section class=\"elementor-section elementor-top-section elementor-element elementor-element-355e998 elementor-section-boxed elementor-section-height-default elementor-section-height-default\" data-id=\"355e998\" data-element_type=\"section\">\n\t\t\t\t\t\t<div class=\"elementor-container elementor-column-gap-default\">\n\t\t\t\t\t<div class=\"elementor-column elementor-col-100 elementor-top-column elementor-element elementor-element-e439382\" data-id=\"e439382\" data-element_type=\"column\">\n\t\t\t<div class=\"elementor-widget-wrap elementor-element-populated\">\n\t\t\t\t\t\t<div class=\"elementor-element elementor-element-287a372 elementor-widget elementor-widget-ovasev_elementor_service_box\" data-id=\"287a372\" data-element_type=\"widget\" data-widget_type=\"ovasev_elementor_service_box.default\">\n\t\t\t\t<div class=\"elementor-widget-container\">\n\t\t\t\t\t\n<div class=\"ova-service-box-elementor two_column\">\n\n\t\n\t\t\n\t<div class=\"ova-service-box-template ova-service-box-template3\">\n\n\t    <div class=\"img-service\">\n\t    \t<a href=\"https:\/\/koumassine-petro-oil.com\/?ova_sev=betobe-2\"  title=\"Betobe\">\n\t    \t\t<img decoding=\"async\" src=\"https:\/\/koumassine-petro-oil.com\/wp-content\/uploads\/2025\/02\/serviceB2B.jpg\" alt=\"Betobe\">\n\t    \t<\/a>\n\n\t    \t<div class=\"info-content\">\n\t\t\t\t\t\t\t\t\t<p class=\"description\">\n\t\t\t\t\t\tNous approvisionnons des entreprises, des distributeurs et des industries en carburants et autres produits p\u00e9troliers en grande quantit\u00e9.\t\t\t\t\t<\/p>\n\t\t\t\t\n\t\t\t\t<a class=\"next-button\" href=\"https:\/\/koumassine-petro-oil.com\/?ova_sev=betobe-2\"  title=\"Betobe\">\n\t                Learn More\t                <i aria-hidden=\"true\" class=\"ovaicon ovaicon-fast-forward\"><\/i>\n\t\t\t\t<\/a>\n\t\t    <\/div>\n\n\t    \t\t\t\t\t<div class=\"icon\">\n\t\t\t\t\t<i class=\"flaticon-oil-refinery\"><\/i>\n\t\t\t\t<\/div>\n\t\t\t\n\t    <\/div>\n\n\t    <div class=\"info\">\n          \n\t    \t<a href=\"https:\/\/koumassine-petro-oil.com\/?ova_sev=betobe-2\"  title=\"Betobe\">\n\n\t\t        \t\t\t\t\t<h4 class=\"title\">\n\t\t\t\t\t\tBetobe\t\t\t\t\t<\/h4>\n\t\t\t\t\n\t\t\t<\/a>\n\t\t\t\n\t    <\/div>\n\n\t<\/div>\t\n\t\n\t\t\n\t<div class=\"ova-service-box-template ova-service-box-template3\">\n\n\t    <div class=\"img-service\">\n\t    \t<a href=\"https:\/\/koumassine-petro-oil.com\/?ova_sev=betoce\"  title=\"Betoce\">\n\t    \t\t<img decoding=\"async\" src=\"https:\/\/koumassine-petro-oil.com\/wp-content\/uploads\/2025\/02\/serviceB2C.jpg\" alt=\"Betoce\">\n\t    \t<\/a>\n\n\t    \t<div class=\"info-content\">\n\t\t\t\t\t\t\t\t\t<p class=\"description\">\n\t\t\t\t\t\tChez SKP, nous offrons aux particuliers des solutions \u00e9nerg\u00e9tiques adapt\u00e9es \u00e0 leurs besoins quotidiens \u00e0 travers un mod\u00e8le Business to Consumer (B2C) efficace et accessible.\t\t\t\t\t<\/p>\n\t\t\t\t\n\t\t\t\t<a class=\"next-button\" href=\"https:\/\/koumassine-petro-oil.com\/?ova_sev=betoce\"  title=\"Betoce\">\n\t                Learn More\t                <i aria-hidden=\"true\" class=\"ovaicon ovaicon-fast-forward\"><\/i>\n\t\t\t\t<\/a>\n\t\t    <\/div>\n\n\t    \t\t\t\t\t<div class=\"icon\">\n\t\t\t\t\t<i class=\"flaticon-pipe\"><\/i>\n\t\t\t\t<\/div>\n\t\t\t\n\t    <\/div>\n\n\t    <div class=\"info\">\n          \n\t    \t<a href=\"https:\/\/koumassine-petro-oil.com\/?ova_sev=betoce\"  title=\"Betoce\">\n\n\t\t        \t\t\t\t\t<h4 class=\"title\">\n\t\t\t\t\t\tBetoce\t\t\t\t\t<\/h4>\n\t\t\t\t\n\t\t\t<\/a>\n\t\t\t\n\t    <\/div>\n\n\t<\/div>\t\n\t\n<\/div>\t\t\t\t<\/div>\n\t\t\t\t<\/div>\n\t\t\t\t\t<\/div>\n\t\t<\/div>\n\t\t\t\t\t<\/div>\n\t\t<\/section>\n\t\t\t\t<\/div>\n\t\t","protected":false},"excerpt":{"rendered":"<p>Nous approvisionnons des entreprises, des distributeurs et des industries en carburants et autres produits p\u00e9troliers en grande quantit\u00e9. Learn More Betobe Chez SKP, nous offrons aux particuliers des solutions \u00e9nerg\u00e9tiques adapt\u00e9es \u00e0 leurs besoins quotidiens \u00e0 travers un mod\u00e8le Business to Consumer (B2C) efficace et accessible. Learn More Betoce<\/p>\n","protected":false},"author":1,"featured_media":8615,"parent":0,"menu_order":0,"comment_status":"closed","ping_status":"closed","template":"elementor_header_footer","meta":{"_monsterinsights_skip_tracking":false,"_monsterinsights_sitenote_active":false,"_monsterinsights_sitenote_note":"","_monsterinsights_sitenote_category":0,"footnotes":""},"class_list":["post-2247","page","type-page","status-publish","has-post-thumbnail","hentry"],"_links":{"self":[{"href":"https:\/\/koumassine-petro-oil.com\/index.php?rest_route=\/wp\/v2\/pages\/2247","targetHints":{"allow":["GET"]}}],"collection":[{"href":"https:\/\/koumassine-petro-oil.com\/index.php?rest_route=\/wp\/v2\/pages"}],"about":[{"href":"https:\/\/koumassine-petro-oil.com\/index.php?rest_route=\/wp\/v2\/types\/page"}],"author":[{"embeddable":true,"href":"https:\/\/koumassine-petro-oil.com\/index.php?rest_route=\/wp\/v2\/users\/1"}],"replies":[{"embeddable":true,"href":"https:\/\/koumassine-petro-oil.com\/index.php?rest_route=%2Fwp%2Fv2%2Fcomments&post=2247"}],"version-history":[{"count":16,"href":"https:\/\/koumassine-petro-oil.com\/index.php?rest_route=\/wp\/v2\/pages\/2247\/revisions"}],"predecessor-version":[{"id":9239,"href":"https:\/\/koumassine-petro-oil.com\/index.php?rest_route=\/wp\/v2\/pages\/2247\/revisions\/9239"}],"wp:featuredmedia":[{"embeddable":true,"href":"https:\/\/koumassine-petro-oil.com\/index.php?rest_route=\/wp\/v2\/media\/8615"}],"wp:attachment":[{"href":"https:\/\/koumassine-petro-oil.com\/index.php?rest_route=%2Fwp%2Fv2%2Fmedia&parent=2247"}],"curies":[{"name":"wp","href":"https:\/\/api.w.org\/{rel}","templated":true}]}}